{"id":107,"date":"2019-09-23T11:49:59","date_gmt":"2019-09-23T11:49:59","guid":{"rendered":"http:\/\/12enpi.ipportalegre.pt\/?page_id=107"},"modified":"2023-10-10T13:02:25","modified_gmt":"2023-10-10T13:02:25","slug":"venue","status":"publish","type":"page","link":"https:\/\/12enpi.ipportalegre.pt\/?page_id=107","title":{"rendered":"Locais"},"content":{"rendered":"\n<div style=\"height:30px\" aria-hidden=\"true\" class=\"wp-block-spacer\"><\/div>\n\n\n\n<div class=\"wp-block-columns is-layout-flex wp-container-core-columns-is-layout-28f84493 wp-block-columns-is-layout-flex\">\n<div class=\"wp-block-column is-layout-flow wp-block-column-is-layout-flow\" style=\"flex-basis:33.33%\">\n<p class=\"has-medium-font-size\"><strong>ESCOLA SUPERIOR AGR\u00c1RIA DE ELVAS<\/strong><br>do POLIT\u00c9CNICO DE PORTALEGRE<\/p>\n\n\n\n<p>Edif\u00edcio Quartel do Trem<br>Avenida 14 de Janeiro &nbsp;<\/p>\n\n\n\n<p>Coordenadas:&nbsp;38\u00ba52\u201951.28 N | 7\u00ba10\u201902.25 O<\/p>\n<\/div>\n\n\n\n<div class=\"wp-block-column is-layout-flow wp-block-column-is-layout-flow\" style=\"flex-basis:66.66%\">\n<iframe src=\"https:\/\/www.google.com\/maps\/embed?pb=!1m14!1m8!1m3!1d6211.88589692125!2d-7.1736235!3d38.8795471!3m2!1i1024!2i768!4f13.1!3m3!1m2!1s0xd171c6fbb834e81%3A0x3d6dabb310043607!2sPolit%C3%A9cnico%20de%20Portalegre%20%2F%20Escola%20Superior%20Agr%C3%A1ria%20de%20Elvas%20(ESAE)!5e0!3m2!1spt-PT!2spt!4v1681725110362!5m2!1spt-PT!2spt\" width=\"600\" height=\"450\" style=\"border:0;\" allowfullscreen=\"\" loading=\"lazy\" referrerpolicy=\"no-referrer-when-downgrade\"><\/iframe>\n<\/div>\n<\/div>\n\n\n\n<hr class=\"wp-block-separator has-alpha-channel-opacity\"\/>\n\n\n\n<div style=\"height:30px\" aria-hidden=\"true\" class=\"wp-block-spacer\"><\/div>\n\n\n\n<p class=\"has-medium-font-size\"><\/p>\n","protected":false},"excerpt":{"rendered":"<p>ESCOLA SUPERIOR AGR\u00c1RIA DE ELVASdo POLIT\u00c9CNICO DE PORTALEGRE Edif\u00edcio Quartel do TremAvenida 14 de Janeiro<\/p>\n","protected":false},"author":1,"featured_media":0,"parent":105,"menu_order":1,"comment_status":"closed","ping_status":"closed","template":"","meta":{"footnotes":""},"class_list":["post-107","page","type-page","status-publish","hentry"],"_links":{"self":[{"href":"https:\/\/12enpi.ipportalegre.pt\/index.php?rest_route=\/wp\/v2\/pages\/107","targetHints":{"allow":["GET"]}}],"collection":[{"href":"https:\/\/12enpi.ipportalegre.pt\/index.php?rest_route=\/wp\/v2\/pages"}],"about":[{"href":"https:\/\/12enpi.ipportalegre.pt\/index.php?rest_route=\/wp\/v2\/types\/page"}],"author":[{"embeddable":true,"href":"https:\/\/12enpi.ipportalegre.pt\/index.php?rest_route=\/wp\/v2\/users\/1"}],"replies":[{"embeddable":true,"href":"https:\/\/12enpi.ipportalegre.pt\/index.php?rest_route=%2Fwp%2Fv2%2Fcomments&post=107"}],"version-history":[{"count":10,"href":"https:\/\/12enpi.ipportalegre.pt\/index.php?rest_route=\/wp\/v2\/pages\/107\/revisions"}],"predecessor-version":[{"id":738,"href":"https:\/\/12enpi.ipportalegre.pt\/index.php?rest_route=\/wp\/v2\/pages\/107\/revisions\/738"}],"up":[{"embeddable":true,"href":"https:\/\/12enpi.ipportalegre.pt\/index.php?rest_route=\/wp\/v2\/pages\/105"}],"wp:attachment":[{"href":"https:\/\/12enpi.ipportalegre.pt\/index.php?rest_route=%2Fwp%2Fv2%2Fmedia&parent=107"}],"curies":[{"name":"wp","href":"https:\/\/api.w.org\/{rel}","templated":true}]}}