{"id":248,"date":"2019-10-08T14:49:14","date_gmt":"2019-10-08T14:49:14","guid":{"rendered":"http:\/\/12enpi.ipportalegre.pt\/?page_id=248"},"modified":"2023-09-27T10:49:46","modified_gmt":"2023-09-27T10:49:46","slug":"abstract-submission","status":"publish","type":"page","link":"https:\/\/12enpi.ipportalegre.pt\/?page_id=248","title":{"rendered":"Resumos"},"content":{"rendered":"\n<div style=\"height:30px\" aria-hidden=\"true\" class=\"wp-block-spacer\"><\/div>\n\n\n\n<p><strong>Descarregar&nbsp;<a rel=\"noreferrer noopener\" href=\"https:\/\/12enpi.ipportalegre.pt\/wp-content\/uploads\/2023\/04\/template_resumo_12enpi_2023.docx\" target=\"_blank\">aqui<\/a>&nbsp;o&nbsp;template&nbsp;do resumo.<\/strong><\/p>\n\n\n\n<p><strong>Submeta o Resumo at\u00e9 15 de agosto de 2023, enviando-o para o seguinte email:<a href=\"mailto:12enpi@ipportalegre.pt\"> 12enpi@ipportalegre.pt<\/a>.<\/strong><\/p>\n\n\n\n<div style=\"height:30px\" aria-hidden=\"true\" class=\"wp-block-spacer\"><\/div>\n\n\n\n<p><strong>Normas de elabora\u00e7\u00e3o dos posters<\/strong><\/p>\n\n\n\n<p>Foram elaboradas algumas regras para a edi\u00e7\u00e3o dos posters, de&nbsp;<strong>formato A1<\/strong>&nbsp;(84,1 cm de altura por 59,4 cm de largura), de forma a evitar que os formatos sejam muito distintos, e a facilitar a sua coloca\u00e7\u00e3o nos suportes dispon\u00edveis:<\/p>\n\n\n\n<p><strong>1 \u2013 Logotipo do evento (na p\u00e1gina do evento) no canto superior direito<\/strong><br><strong>2 \u2013 Logotipo da institui\u00e7\u00e3o de origem do(s) autor(es) no canto superior esquerdo\u00a0<\/strong><br><strong>3 \u2013 T\u00edtulo:\u00a0<\/strong>o t\u00edtulo deve estar\u00a0centrado\u00a0no poster e deve ser escrito em\u00a0mai\u00fasculas\u00a0e a\u00a0negrito, utilizando o tipo de letra Calibri, com tamanho 66.<br><strong>4 \u2013 Autores:\u00a0<\/strong>nome do(s) autor(es) e da Institui\u00e7\u00e3o, e email do autor correspondente. O tipo de letra a utilizar deve ser Calibri com um tamanho de letra 36 para os nomes dos autores e 24 para a institui\u00e7\u00e3o e email do autor correspondente.<br><strong>5 \u2013 Resumo, Material e m\u00e9todos, Resultados e discuss\u00e3o, Conclus\u00f5es:\u00a0<\/strong>Deve ser utilizado o tipo de letra Calibri, com o tamanho de letra 36 para os t\u00edtulos dos apartados e tamanho 24 para os textos.\u00a0<br><strong>6 \u2013 Agradecimentos e Apoios:\u00a0\u00a0<\/strong>Deve ser utilizado o tipo de letra Calibri, com o tamanho de letra 20<\/p>\n\n\n\n<div style=\"height:50px\" aria-hidden=\"true\" class=\"wp-block-spacer\"><\/div>\n","protected":false},"excerpt":{"rendered":"<p>Descarregar&nbsp;aqui&nbsp;o&nbsp;template&nbsp;do resumo. Submeta o Resumo at\u00e9 15 de agosto de 2023, enviando-o para o seguinte<\/p>\n","protected":false},"author":1,"featured_media":0,"parent":97,"menu_order":2,"comment_status":"closed","ping_status":"closed","template":"","meta":{"footnotes":""},"class_list":["post-248","page","type-page","status-publish","hentry"],"_links":{"self":[{"href":"https:\/\/12enpi.ipportalegre.pt\/index.php?rest_route=\/wp\/v2\/pages\/248","targetHints":{"allow":["GET"]}}],"collection":[{"href":"https:\/\/12enpi.ipportalegre.pt\/index.php?rest_route=\/wp\/v2\/pages"}],"about":[{"href":"https:\/\/12enpi.ipportalegre.pt\/index.php?rest_route=\/wp\/v2\/types\/page"}],"author":[{"embeddable":true,"href":"https:\/\/12enpi.ipportalegre.pt\/index.php?rest_route=\/wp\/v2\/users\/1"}],"replies":[{"embeddable":true,"href":"https:\/\/12enpi.ipportalegre.pt\/index.php?rest_route=%2Fwp%2Fv2%2Fcomments&post=248"}],"version-history":[{"count":19,"href":"https:\/\/12enpi.ipportalegre.pt\/index.php?rest_route=\/wp\/v2\/pages\/248\/revisions"}],"predecessor-version":[{"id":723,"href":"https:\/\/12enpi.ipportalegre.pt\/index.php?rest_route=\/wp\/v2\/pages\/248\/revisions\/723"}],"up":[{"embeddable":true,"href":"https:\/\/12enpi.ipportalegre.pt\/index.php?rest_route=\/wp\/v2\/pages\/97"}],"wp:attachment":[{"href":"https:\/\/12enpi.ipportalegre.pt\/index.php?rest_route=%2Fwp%2Fv2%2Fmedia&parent=248"}],"curies":[{"name":"wp","href":"https:\/\/api.w.org\/{rel}","templated":true}]}}