{"id":52,"date":"2019-09-23T09:44:25","date_gmt":"2019-09-23T09:44:25","guid":{"rendered":"http:\/\/12enpi.ipportalegre.pt\/?page_id=52"},"modified":"2023-06-06T12:32:34","modified_gmt":"2023-06-06T12:32:34","slug":"partners","status":"publish","type":"page","link":"https:\/\/12enpi.ipportalegre.pt\/?page_id=52","title":{"rendered":"Patroc\u00ednios"},"content":{"rendered":"\n<div style=\"height:30px\" aria-hidden=\"true\" class=\"wp-block-spacer\"><\/div>\n\n\n\n<p class=\"has-medium-font-size\"><strong>MODALIDADES<\/strong><\/p>\n\n\n\n<p><strong>A &#8211; PATROC\u00cdNIO NO VALOR DE 1000\u20ac<br> -Duas inscri\u00e7\u00f5es no 12\u00ba Encontro Nacional de Prote\u00e7\u00e3o Integrada<br><\/strong> &#8211; Inclus\u00e3o de publicidade nas pastas;<br> &#8211; Inclus\u00e3o de uma p\u00e1gina inteira de publicidade pr\u00f3pria no Livro de Resumos do Encontro, a distribuir a todos os participantes;<br> &#8211; Espa\u00e7o de exposi\u00e7\u00e3o (4 m<sup>2<\/sup>);<br> &#8211; Divulga\u00e7\u00e3o como entidade patrocinadora nos desdobr\u00e1veis anunciadores do Encontro;<br> &#8211; Log\u00f3tipo nos meios de divulga\u00e7\u00e3o do Encontro (circulares, cartazes), ecr\u00e3s entre apresenta\u00e7\u00f5es e Certificados de Participa\u00e7\u00e3o.<\/p>\n\n\n\n<p><strong>B &#8211; PATROC\u00cdNIO NO VALOR DE 750\u20ac<br> &#8211; Uma inscri\u00e7\u00e3o no 12\u00ba Encontro Nacional de Prote\u00e7\u00e3o Integrada<br><\/strong> &#8211; Inclus\u00e3o de publicidade nas pastas;<br> &#8211; Divulga\u00e7\u00e3o como entidade patrocinadora no Livro de Resumos do Encontro, a distribuir a todos os participantes;<br> &#8211; Espa\u00e7o de exposi\u00e7\u00e3o (4 m<sup>2<\/sup>);<br> &#8211; Divulga\u00e7\u00e3o como entidade patrocinadora nos desdobr\u00e1veis anunciadores do Encontro;<br>&#8211; Log\u00f3tipo nos meios de divulga\u00e7\u00e3o (circulares, cartazes) e nos ecr\u00e3s entre apresenta\u00e7\u00f5es.<\/p>\n\n\n\n<p><strong>C &#8211; PATROC\u00cdNIO NO VALOR DE 500\u20ac<br> &#8211; Uma inscri\u00e7\u00e3o no 12\u00ba Encontro Nacional de Prote\u00e7\u00e3o Integrada<br><\/strong> &#8211; Inclus\u00e3o de publicidade nas pastas; <br> &#8211; Divulga\u00e7\u00e3o como entidade patrocinadora no Livro de Resumos do Encontro, a distribuir a todos os participantes;<br> &#8211; Divulga\u00e7\u00e3o como entidade patrocinadora nos desdobr\u00e1veis anunciadores do Encontro;<br>&#8211; Log\u00f3tipo nos meios de divulga\u00e7\u00e3o (circulares, cartazes) e nos ecr\u00e3s entre apresenta\u00e7\u00f5es.<\/p>\n\n\n\n<p><strong>D &#8211; PATROC\u00cdNIO NO VALOR DE 250\u20ac<br> &#8211; Inclus\u00e3o de publicidade nas pastas; <br><\/strong> &#8211; Divulga\u00e7\u00e3o como entidade patrocinadora no Livro de Resumos do Encontro, a distribuir a todos os participantes;<br> &#8211; Log\u00f3tipo nos ecr\u00e3s entre apresenta\u00e7\u00f5es.<\/p>\n\n\n\n<hr class=\"wp-block-separator has-alpha-channel-opacity\"\/>\n\n\n\n<iframe loading=\"lazy\" src=\"https:\/\/docs.google.com\/forms\/d\/e\/1FAIpQLSctVgmRYGTnio_tU4JcntAYctJQ9bOyHP_hSuebh0Z0zMWMUQ\/viewform?embedded=true\" width=\"640\" height=\"1500\" frameborder=\"0\" marginheight=\"0\" marginwidth=\"0\">A carregar\u2026<\/iframe>\n","protected":false},"excerpt":{"rendered":"<p>MODALIDADES A &#8211; PATROC\u00cdNIO NO VALOR DE 1000\u20ac -Duas inscri\u00e7\u00f5es no 12\u00ba Encontro Nacional de<\/p>\n","protected":false},"author":1,"featured_media":0,"parent":50,"menu_order":4,"comment_status":"closed","ping_status":"closed","template":"","meta":{"footnotes":""},"class_list":["post-52","page","type-page","status-publish","hentry"],"_links":{"self":[{"href":"https:\/\/12enpi.ipportalegre.pt\/index.php?rest_route=\/wp\/v2\/pages\/52","targetHints":{"allow":["GET"]}}],"collection":[{"href":"https:\/\/12enpi.ipportalegre.pt\/index.php?rest_route=\/wp\/v2\/pages"}],"about":[{"href":"https:\/\/12enpi.ipportalegre.pt\/index.php?rest_route=\/wp\/v2\/types\/page"}],"author":[{"embeddable":true,"href":"https:\/\/12enpi.ipportalegre.pt\/index.php?rest_route=\/wp\/v2\/users\/1"}],"replies":[{"embeddable":true,"href":"https:\/\/12enpi.ipportalegre.pt\/index.php?rest_route=%2Fwp%2Fv2%2Fcomments&post=52"}],"version-history":[{"count":8,"href":"https:\/\/12enpi.ipportalegre.pt\/index.php?rest_route=\/wp\/v2\/pages\/52\/revisions"}],"predecessor-version":[{"id":688,"href":"https:\/\/12enpi.ipportalegre.pt\/index.php?rest_route=\/wp\/v2\/pages\/52\/revisions\/688"}],"up":[{"embeddable":true,"href":"https:\/\/12enpi.ipportalegre.pt\/index.php?rest_route=\/wp\/v2\/pages\/50"}],"wp:attachment":[{"href":"https:\/\/12enpi.ipportalegre.pt\/index.php?rest_route=%2Fwp%2Fv2%2Fmedia&parent=52"}],"curies":[{"name":"wp","href":"https:\/\/api.w.org\/{rel}","templated":true}]}}