{"id":71,"date":"2019-09-23T11:34:22","date_gmt":"2019-09-23T11:34:22","guid":{"rendered":"http:\/\/12enpi.ipportalegre.pt\/?page_id=71"},"modified":"2023-05-16T11:08:32","modified_gmt":"2023-05-16T11:08:32","slug":"general-info","status":"publish","type":"page","link":"https:\/\/12enpi.ipportalegre.pt\/","title":{"rendered":"In\u00edcio"},"content":{"rendered":"\n<div style=\"height:30px\" aria-hidden=\"true\" class=\"wp-block-spacer\"><\/div>\n\n\n\n<p class=\"has-large-font-size\"><strong>Bem-vindo ao<\/strong><br><strong>12\u00ba Encontro Nacional de Prote\u00e7\u00e3o Integrada!<\/strong><\/p>\n\n\n\n<div style=\"height:30px\" aria-hidden=\"true\" class=\"wp-block-spacer\"><\/div>\n\n\n\n<p>Ap\u00f3s um interregno for\u00e7ado pela pandemia, o Encontro Nacional de Prote\u00e7\u00e3o Integrada ser\u00e1 realizado este ano.<\/p>\n\n\n\n<p>A Escola Superior Agr\u00e1ria de Elvas do Instituto Polit\u00e9cnico de Portalegre organiza o&nbsp;<strong>12\u00ba Encontro Nacional de Prote\u00e7\u00e3o Integrada (ENPI)<\/strong>&nbsp;na cidade de Elvas, cidade Patrim\u00f3nio Mundial, nos dias&nbsp;<strong>30 e 31 de Outubro<\/strong> de 2023.<\/p>\n\n\n\n<p>Sob o tema&nbsp;<strong><em>\u201cContributo da Prote\u00e7\u00e3o Integrada para os ODS\u201d<\/em><\/strong>, o 12\u00ba ENPI pretende reunir especialistas, quer da \u00e1rea da investiga\u00e7\u00e3o e ensino, quer da \u00e1rea da produ\u00e7\u00e3o, bem como jovens estudantes interessados na prote\u00e7\u00e3o das plantas e produtos vegetais e a\u00ed analisar, partilhar conhecimento, propor e debater ideias e t\u00e9cnicas inovadoras de prote\u00e7\u00e3o das culturas e produtos agr\u00edcolas.<\/p>\n\n\n\n<p>A redu\u00e7\u00e3o do uso de pesticidas, atrav\u00e9s da utiliza\u00e7\u00e3o do conceito N\u00edvel Econ\u00f3mico de Ataque (NEA) e da implementa\u00e7\u00e3o da estimativa do risco, com novas t\u00e9cnicas de prospe\u00e7\u00e3o, dete\u00e7\u00e3o e modelos de previs\u00e3o dos inimigos das culturas, bem como atrav\u00e9s de culturas menos dependentes da luta qu\u00edmica, contribui inequivocamente para a sustentabilidade dos ecossistemas, e dessa forma ajudar a alcan\u00e7ar os Objetivos de Desenvolvimento Sustent\u00e1vel (ODS) da Agenda 2030 das Na\u00e7\u00f5es Unidas.<\/p>\n\n\n\n<p>Espera-se que deste encontro surjam ideias e diretrizes para o desenvolvimento de programas de investiga\u00e7\u00e3o e inova\u00e7\u00e3o (I&amp;I) em prote\u00e7\u00e3o das plantas e dos produtos vegetais, envolvendo a academia e o setor empresarial, em \u00e1reas como os novos mecanismos de defesa das plantas e os meios alternativos de prote\u00e7\u00e3o das culturas, onde se incluem, por exemplo, o design e desenvolvimento de novos produtos biol\u00f3gicos e a Biomim\u00e9tica.<\/p>\n\n\n\n<p>A par do evento cient\u00edfico, fica tamb\u00e9m o convite para uma visita \u00e0 cidade de Elvas, para desfrutar da sua monumentalidade e gastronomia.<\/p>\n\n\n\n<p><strong>Contamos com a sua presen\u00e7a nos dias 30 e 31 de Outubro na Escola Superior Agr\u00e1ria de Elvas!<\/strong><\/p>\n","protected":false},"excerpt":{"rendered":"<p>Bem-vindo ao12\u00ba Encontro Nacional de Prote\u00e7\u00e3o Integrada! Ap\u00f3s um interregno for\u00e7ado pela pandemia, o Encontro<\/p>\n","protected":false},"author":1,"featured_media":0,"parent":54,"menu_order":1,"comment_status":"closed","ping_status":"closed","template":"","meta":{"footnotes":""},"class_list":["post-71","page","type-page","status-publish","hentry"],"_links":{"self":[{"href":"https:\/\/12enpi.ipportalegre.pt\/index.php?rest_route=\/wp\/v2\/pages\/71","targetHints":{"allow":["GET"]}}],"collection":[{"href":"https:\/\/12enpi.ipportalegre.pt\/index.php?rest_route=\/wp\/v2\/pages"}],"about":[{"href":"https:\/\/12enpi.ipportalegre.pt\/index.php?rest_route=\/wp\/v2\/types\/page"}],"author":[{"embeddable":true,"href":"https:\/\/12enpi.ipportalegre.pt\/index.php?rest_route=\/wp\/v2\/users\/1"}],"replies":[{"embeddable":true,"href":"https:\/\/12enpi.ipportalegre.pt\/index.php?rest_route=%2Fwp%2Fv2%2Fcomments&post=71"}],"version-history":[{"count":43,"href":"https:\/\/12enpi.ipportalegre.pt\/index.php?rest_route=\/wp\/v2\/pages\/71\/revisions"}],"predecessor-version":[{"id":670,"href":"https:\/\/12enpi.ipportalegre.pt\/index.php?rest_route=\/wp\/v2\/pages\/71\/revisions\/670"}],"up":[{"embeddable":true,"href":"https:\/\/12enpi.ipportalegre.pt\/index.php?rest_route=\/wp\/v2\/pages\/54"}],"wp:attachment":[{"href":"https:\/\/12enpi.ipportalegre.pt\/index.php?rest_route=%2Fwp%2Fv2%2Fmedia&parent=71"}],"curies":[{"name":"wp","href":"https:\/\/api.w.org\/{rel}","templated":true}]}}