{"id":73,"date":"2019-09-23T11:34:42","date_gmt":"2019-09-23T11:34:42","guid":{"rendered":"http:\/\/12enpi.ipportalegre.pt\/?page_id=73"},"modified":"2023-05-17T09:36:04","modified_gmt":"2023-05-17T09:36:04","slug":"topics","status":"publish","type":"page","link":"https:\/\/12enpi.ipportalegre.pt\/?page_id=73","title":{"rendered":"\u00c1reas tem\u00e1ticas"},"content":{"rendered":"\n<div style=\"height:30px\" aria-hidden=\"true\" class=\"wp-block-spacer\"><\/div>\n\n\n\n<p class=\"has-medium-font-size\">Tema do Encontro: <strong>Contributo da Prote\u00e7\u00e3o Integrada para os ODS<\/strong><\/p>\n\n\n\n<p>O programa incluir\u00e1 sess\u00f5es com oradores convidados e comunica\u00e7\u00f5es orais e por painel, sobre as seguintes \u00e1reas tem\u00e1ticas:<\/p>\n\n\n\n<p><strong>Tema 1:\u00a0Proteger as culturas no contexto das altera\u00e7\u00f5es clim\u00e1ticas e da globaliza\u00e7\u00e3o<\/strong><br>Altera\u00e7\u00f5es clim\u00e1ticas e novos problemas fitossanit\u00e1rios: altera\u00e7\u00f5es nas din\u00e2micas populacionais dos inimigos das culturas e dos organismos auxiliares; novos inimigos, novas culturas e implica\u00e7\u00e3o nos ecossistemas.<\/p>\n\n\n\n<p><strong>Tema 2:&nbsp;Recuperar os conceitos \u201cEstimativa do risco\u201d e \u201cTomada de decis\u00e3o\u201d no contexto dos problemas emergentes<\/strong><br>Novas tecnologias para dete\u00e7\u00e3o, diagn\u00f3stico e monitoriza\u00e7\u00e3o&nbsp;dos inimigos das culturas.<\/p>\n\n\n\n<p><strong>Tema 3:&nbsp;Mecanismos de defesa das plantas<\/strong><br>Mecanismos de resist\u00eancia \u2013 natural e induzida.<\/p>\n\n\n\n<p><strong>Tema 4:&nbsp;Meios alternativos de prote\u00e7\u00e3o<\/strong><br>Novas solu\u00e7\u00f5es no combate aos inimigos das culturas; Introdu\u00e7\u00e3o de novos agentes de prote\u00e7\u00e3o de origem biol\u00f3gica em Portugal.<\/p>\n","protected":false},"excerpt":{"rendered":"<p>Tema do Encontro: Contributo da Prote\u00e7\u00e3o Integrada para os ODS O programa incluir\u00e1 sess\u00f5es com<\/p>\n","protected":false},"author":1,"featured_media":0,"parent":54,"menu_order":2,"comment_status":"closed","ping_status":"closed","template":"","meta":{"footnotes":""},"class_list":["post-73","page","type-page","status-publish","hentry"],"_links":{"self":[{"href":"https:\/\/12enpi.ipportalegre.pt\/index.php?rest_route=\/wp\/v2\/pages\/73","targetHints":{"allow":["GET"]}}],"collection":[{"href":"https:\/\/12enpi.ipportalegre.pt\/index.php?rest_route=\/wp\/v2\/pages"}],"about":[{"href":"https:\/\/12enpi.ipportalegre.pt\/index.php?rest_route=\/wp\/v2\/types\/page"}],"author":[{"embeddable":true,"href":"https:\/\/12enpi.ipportalegre.pt\/index.php?rest_route=\/wp\/v2\/users\/1"}],"replies":[{"embeddable":true,"href":"https:\/\/12enpi.ipportalegre.pt\/index.php?rest_route=%2Fwp%2Fv2%2Fcomments&post=73"}],"version-history":[{"count":16,"href":"https:\/\/12enpi.ipportalegre.pt\/index.php?rest_route=\/wp\/v2\/pages\/73\/revisions"}],"predecessor-version":[{"id":679,"href":"https:\/\/12enpi.ipportalegre.pt\/index.php?rest_route=\/wp\/v2\/pages\/73\/revisions\/679"}],"up":[{"embeddable":true,"href":"https:\/\/12enpi.ipportalegre.pt\/index.php?rest_route=\/wp\/v2\/pages\/54"}],"wp:attachment":[{"href":"https:\/\/12enpi.ipportalegre.pt\/index.php?rest_route=%2Fwp%2Fv2%2Fmedia&parent=73"}],"curies":[{"name":"wp","href":"https:\/\/api.w.org\/{rel}","templated":true}]}}