{"id":75,"date":"2019-09-23T11:35:01","date_gmt":"2019-09-23T11:35:01","guid":{"rendered":"http:\/\/12enpi.ipportalegre.pt\/?page_id=75"},"modified":"2023-07-11T14:36:15","modified_gmt":"2023-07-11T14:36:15","slug":"calendar","status":"publish","type":"page","link":"https:\/\/12enpi.ipportalegre.pt\/?page_id=75","title":{"rendered":"Calend\u00e1rio"},"content":{"rendered":"\n<div style=\"height:30px\" aria-hidden=\"true\" class=\"wp-block-spacer\"><\/div>\n\n\n\n<p>Rece\u00e7\u00e3o de resumos &#8211; <strong>at\u00e9 15 de agosto de 2023<\/strong><br>Comunica\u00e7\u00e3o da aceita\u00e7\u00e3o de resumos &#8211; <strong>at\u00e9 15 de setembro de 2023<\/strong><br>Inscri\u00e7\u00e3o normal &#8211; <strong>at\u00e9 15 de agosto de 2023<\/strong><br>Inscri\u00e7\u00e3o agravada &#8211; <strong>ap\u00f3s 15 de agosto at\u00e9 29 de outubro de 2023 (condicionada pelas vagas)<\/strong><br><strong>12\u00ba ENPI &#8211; 30 e 31 de outubro de 2023<\/strong><\/p>\n","protected":false},"excerpt":{"rendered":"<p>Rece\u00e7\u00e3o de resumos &#8211; at\u00e9 15 de agosto de 2023Comunica\u00e7\u00e3o da aceita\u00e7\u00e3o de resumos &#8211;<\/p>\n","protected":false},"author":1,"featured_media":0,"parent":54,"menu_order":3,"comment_status":"closed","ping_status":"closed","template":"","meta":{"footnotes":""},"class_list":["post-75","page","type-page","status-publish","hentry"],"_links":{"self":[{"href":"https:\/\/12enpi.ipportalegre.pt\/index.php?rest_route=\/wp\/v2\/pages\/75","targetHints":{"allow":["GET"]}}],"collection":[{"href":"https:\/\/12enpi.ipportalegre.pt\/index.php?rest_route=\/wp\/v2\/pages"}],"about":[{"href":"https:\/\/12enpi.ipportalegre.pt\/index.php?rest_route=\/wp\/v2\/types\/page"}],"author":[{"embeddable":true,"href":"https:\/\/12enpi.ipportalegre.pt\/index.php?rest_route=\/wp\/v2\/users\/1"}],"replies":[{"embeddable":true,"href":"https:\/\/12enpi.ipportalegre.pt\/index.php?rest_route=%2Fwp%2Fv2%2Fcomments&post=75"}],"version-history":[{"count":19,"href":"https:\/\/12enpi.ipportalegre.pt\/index.php?rest_route=\/wp\/v2\/pages\/75\/revisions"}],"predecessor-version":[{"id":696,"href":"https:\/\/12enpi.ipportalegre.pt\/index.php?rest_route=\/wp\/v2\/pages\/75\/revisions\/696"}],"up":[{"embeddable":true,"href":"https:\/\/12enpi.ipportalegre.pt\/index.php?rest_route=\/wp\/v2\/pages\/54"}],"wp:attachment":[{"href":"https:\/\/12enpi.ipportalegre.pt\/index.php?rest_route=%2Fwp%2Fv2%2Fmedia&parent=75"}],"curies":[{"name":"wp","href":"https:\/\/api.w.org\/{rel}","templated":true}]}}