{"id":781,"date":"2023-10-20T15:28:38","date_gmt":"2023-10-20T15:28:38","guid":{"rendered":"https:\/\/12enpi.ipportalegre.pt\/?page_id=781"},"modified":"2023-10-23T08:52:55","modified_gmt":"2023-10-23T08:52:55","slug":"premio","status":"publish","type":"page","link":"https:\/\/12enpi.ipportalegre.pt\/?page_id=781","title":{"rendered":"Pr\u00e9mios"},"content":{"rendered":"\n<div style=\"height:30px\" aria-hidden=\"true\" class=\"wp-block-spacer\"><\/div>\n\n\n\n<p>A Comiss\u00e3o Organizadora do 12\u00ba Encontro Nacional de Prote\u00e7\u00e3o Integrada, a decorrer de 30 a 31 de outubro de 2023, na Escola Superior Agr\u00e1ria de Elvas do Instituto Polit\u00e9cnico de Portalegre, levar\u00e1 a cabo um concurso para a atribui\u00e7\u00e3o de pr\u00e9mios \u00e0 melhor comunica\u00e7\u00e3o oral e p\u00f3ster de estudantes. Os pr\u00e9mios ser\u00e3o atribu\u00eddos pela Comiss\u00e3o Organizadora do 12\u00ba Encontro Nacional de Prote\u00e7\u00e3o Integrada e ser\u00e1 oferecido pela ReadyToPub \u2013 Author Services Provider.\u00a0 \u00a0<\/p>\n\n\n\n<div style=\"height:40px\" aria-hidden=\"true\" class=\"wp-block-spacer\"><\/div>\n\n\n\n<div class=\"wp-block-file\"><a id=\"wp-block-file--media-0367bd47-075e-44ef-8b45-fdf3e59630c4\" href=\"https:\/\/12enpi.ipportalegre.pt\/wp-content\/uploads\/2023\/10\/Regulamento_dos_Premios_ReadyToPub_12_E-ncontro_Nacional_Protecao_Integrada.pdf\" target=\"_blank\" rel=\"noreferrer noopener\"><strong>Regulamento dos Premios ReadyToPub 12\u00ba Encontro Nacional de Prote\u00e7\u00e3o Integrada<\/strong><\/a><a href=\"https:\/\/12enpi.ipportalegre.pt\/wp-content\/uploads\/2023\/10\/Regulamento_dos_Premios_ReadyToPub_12_E-ncontro_Nacional_Protecao_Integrada.pdf\" class=\"wp-block-file__button wp-element-button\" download aria-describedby=\"wp-block-file--media-0367bd47-075e-44ef-8b45-fdf3e59630c4\">Descarregar<\/a><\/div>\n\n\n\n<div style=\"height:40px\" aria-hidden=\"true\" class=\"wp-block-spacer\"><\/div>\n\n\n\n<figure class=\"wp-block-image size-full\"><img loading=\"lazy\" decoding=\"async\" width=\"1000\" height=\"344\" src=\"https:\/\/12enpi.ipportalegre.pt\/wp-content\/uploads\/2023\/10\/premios.jpg\" alt=\"\" class=\"wp-image-789\" srcset=\"https:\/\/12enpi.ipportalegre.pt\/wp-content\/uploads\/2023\/10\/premios.jpg 1000w, https:\/\/12enpi.ipportalegre.pt\/wp-content\/uploads\/2023\/10\/premios-300x103.jpg 300w, https:\/\/12enpi.ipportalegre.pt\/wp-content\/uploads\/2023\/10\/premios-768x264.jpg 768w\" sizes=\"auto, (max-width: 1000px) 100vw, 1000px\" \/><\/figure>\n","protected":false},"excerpt":{"rendered":"<p>A Comiss\u00e3o Organizadora do 12\u00ba Encontro Nacional de Prote\u00e7\u00e3o Integrada, a decorrer de 30 a<\/p>\n","protected":false},"author":2,"featured_media":0,"parent":0,"menu_order":0,"comment_status":"closed","ping_status":"closed","template":"","meta":{"footnotes":""},"class_list":["post-781","page","type-page","status-publish","hentry"],"_links":{"self":[{"href":"https:\/\/12enpi.ipportalegre.pt\/index.php?rest_route=\/wp\/v2\/pages\/781","targetHints":{"allow":["GET"]}}],"collection":[{"href":"https:\/\/12enpi.ipportalegre.pt\/index.php?rest_route=\/wp\/v2\/pages"}],"about":[{"href":"https:\/\/12enpi.ipportalegre.pt\/index.php?rest_route=\/wp\/v2\/types\/page"}],"author":[{"embeddable":true,"href":"https:\/\/12enpi.ipportalegre.pt\/index.php?rest_route=\/wp\/v2\/users\/2"}],"replies":[{"embeddable":true,"href":"https:\/\/12enpi.ipportalegre.pt\/index.php?rest_route=%2Fwp%2Fv2%2Fcomments&post=781"}],"version-history":[{"count":8,"href":"https:\/\/12enpi.ipportalegre.pt\/index.php?rest_route=\/wp\/v2\/pages\/781\/revisions"}],"predecessor-version":[{"id":793,"href":"https:\/\/12enpi.ipportalegre.pt\/index.php?rest_route=\/wp\/v2\/pages\/781\/revisions\/793"}],"wp:attachment":[{"href":"https:\/\/12enpi.ipportalegre.pt\/index.php?rest_route=%2Fwp%2Fv2%2Fmedia&parent=781"}],"curies":[{"name":"wp","href":"https:\/\/api.w.org\/{rel}","templated":true}]}}