{"id":93,"date":"2019-09-23T11:46:24","date_gmt":"2019-09-23T11:46:24","guid":{"rendered":"http:\/\/12enpi.ipportalegre.pt\/?page_id=93"},"modified":"2023-10-18T10:25:36","modified_gmt":"2023-10-18T10:25:36","slug":"congress-programme","status":"publish","type":"page","link":"https:\/\/12enpi.ipportalegre.pt\/?page_id=93","title":{"rendered":"Programa do Encontro"},"content":{"rendered":"\n<div style=\"height:30px\" aria-hidden=\"true\" class=\"wp-block-spacer\"><\/div>\n\n\n\n<p class=\"has-text-align-center has-medium-font-size\"><strong>Tema do Encontro:<\/strong>\u00a0\u201cContributo da Prote\u00e7\u00e3o Integrada para os ODS\u201d<\/p>\n\n\n\n<p class=\"has-text-align-center\"><strong>Com trabalhos nas seguintes \u00c1reas Tem\u00e1ticas:<\/strong><\/p>\n\n\n\n<p class=\"has-text-align-center\">&#8211; Prote\u00e7\u00e3o das culturas no contexto das altera\u00e7\u00f5es clim\u00e1ticas e da globaliza\u00e7\u00e3o<br>&#8211; Recuperar os conceitos \u201cEstimativa do risco\u201d e \u201cTomada de decis\u00e3o\u201d no contexto dos problemas emergentes<br>&#8211; Mecanismos de defesa das plantas<br>&#8211; Meios alternativos de prote\u00e7\u00e3o<\/p>\n\n\n\n<div style=\"height:20px\" aria-hidden=\"true\" class=\"wp-block-spacer\"><\/div>\n\n\n\n<p class=\"has-text-align-center has-medium-font-size\"><strong>Escola Superior Agr\u00e1ria de Elvas<\/strong><\/p>\n\n\n\n<div style=\"height:50px\" aria-hidden=\"true\" class=\"wp-block-spacer\"><\/div>\n\n\n\n<p class=\"has-text-align-center has-medium-font-size\"><strong>Dia 30 de Outubro 2023<\/strong><\/p>\n\n\n\n<figure class=\"wp-block-table is-style-stripes\"><table><tbody><tr><td class=\"has-text-align-center\" data-align=\"center\">9h30<\/td><td><strong><strong>Sess\u00e3o de abertura<\/strong><\/strong><\/td><\/tr><tr><td class=\"has-text-align-center\" data-align=\"center\"><\/td><td><strong><strong>SESS\u00c3O<\/strong> 1<\/strong><br><br><strong>10h00-10h40 Orador convidado: Professor Doutor David Jo\u00e3o Horta Lopes<\/strong> &#8211; \u201cContributos dos projetos Cuarentagri, e FruitFlyManage na promo\u00e7\u00e3o de uma agricultura sustent\u00e1vel nos A\u00e7ores\u201d<br><br>10h40 Caf\u00e9<br><br><strong>Comunica\u00e7\u00f5es orais:<br><\/strong>11h15 &#8211; A introdu\u00e7\u00e3o de novas pragas e doen\u00e7as nas principais culturas do Algarve no s\u00e9culo XXI e a sua influ\u00eancia na prote\u00e7\u00e3o integrada<br>11h25 &#8211; Efeito da temperatura na din\u00e2mica populacional de tra\u00e7a-da-uva na RDD<br>11h35 &#8211; Insetos vetores e potenciais vetores de <em>Xylella fastidiosa<\/em> em culturas perenes mediterr\u00e2nicas<br>11h45 &#8211; Mecanismos de resist\u00eancia adquirida pelas plantas aos herbicidas<br>11h55 &#8211; Efeito de diferentes formas de gest\u00e3o da vegeta\u00e7\u00e3o do solo da vinha na biodiversidade funcional do solo<br>12h05 &#8211; Import\u00e2ncia da entomofauna e seus servi\u00e7os ecossist\u00e9micos em pomares de limoeiro no norte de Portugal<br><br>12h15-12h40 &#8211; Discuss\u00e3o\/Mesa redonda<br><\/td><\/tr><tr><td class=\"has-text-align-center\" data-align=\"center\">13h00<\/td><td><strong>Almo\u00e7o<\/strong><\/td><\/tr><tr><td class=\"has-text-align-center\" data-align=\"center\"><\/td><td><strong>SESS\u00c3O 2<\/strong><br><br><strong>14h30-15h10 Orador convidado: Professor Doutor Ant\u00f3nio Mexia<\/strong> &#8211; &#8220;O tempo em prote\u00e7\u00e3o de plantas&#8221;<br><br><strong>Comunica\u00e7\u00f5es orais:<\/strong><br>15h15 &#8211; Dimens\u00e3o da amostra para estimativa do risco do aranhi\u00e7o-vermelho <em>Panonychus ulmi<\/em> (Koch) em macieira em fun\u00e7\u00e3o do n\u00edvel econ\u00f3mico de ataque.<br>15h25 &#8211; Estrat\u00e9gias de prote\u00e7\u00e3o integrada para mosca-branca (<em>Bemisia tabaci<\/em>) na cultura de tomate para ind\u00fastria para melhoria da qualidade do concentrado<br>15h35 &#8211; &#8220;S\u00e3o os objectivos \u201cdo prado ao prato\u201d exequ\u00edveis? O ponto da situa\u00e7\u00e3o dos viticultores na Pen\u00ednsula de Set\u00fabal&#8221;<\/td><\/tr><tr><td class=\"has-text-align-center\" data-align=\"center\">15h45<\/td><td>Caf\u00e9<\/td><\/tr><tr><td class=\"has-text-align-center\" data-align=\"center\"><\/td><td>16h00 &#8211; Efic\u00e1cia de <em>Beauveria bassiana<\/em> (Bals.-Criv.) Vuill no combate a pragas carp\u00f3fagas do castanheiro<br>16h10 &#8211; Efeito da aplica\u00e7\u00e3o de caulino na prefer\u00eancia e comportamento da psila africana dos citrinos<br>16h20 &#8211; Identification of spontaneous plants species in olive groves as potential sources of inoculum for anthracnose<br>16h30 &#8211; Influ\u00eancia da rega e do tipo de gest\u00e3o do solo na comunidade de artr\u00f3podes bioindicadores numa vinha do Ribatejo<br>16h40 &#8211; Suscetibilidade de Stemphylium vesicarium a fungicidas, in vitro<br><br>16h50-17h20 &#8211; Discuss\u00e3o\/Mesa redonda<\/td><\/tr><tr><td class=\"has-text-align-center\" data-align=\"center\">17h20<\/td><td>Caf\u00e9 e Sess\u00e3o \u201cComunica\u00e7\u00f5es por Painel\u201d \/ Networking<\/td><\/tr><tr><td class=\"has-text-align-center\" data-align=\"center\">20h00<\/td><td>Jantar<\/td><\/tr><\/tbody><\/table><\/figure>\n\n\n\n<p class=\"has-text-align-center has-medium-font-size\"><strong>Dia 31 de Outubro 2023<\/strong><\/p>\n\n\n\n<figure class=\"wp-block-table is-style-stripes\"><table><tbody><tr><td class=\"has-text-align-center\" data-align=\"center\"><\/td><td><strong><strong>SESS\u00c3O<\/strong> 3<br><\/strong><br><strong>09h00-09h40 Oradora convidada: Professora Doutora Fernanda Fidalgo<\/strong> &#8211; &#8220;Desafios clim\u00e1ticos e plantas \u2013 \u00e0 procura de estrat\u00e9gias de toler\u00e2ncia&#8221;<br><br><strong>Comunica\u00e7\u00f5es orais:<\/strong><br>9h45 &#8211; Caracteriza\u00e7\u00e3o qu\u00edmica e atividade biol\u00f3gica de biopreparados para Agroecologia<br>9h55 &#8211; Fungos endof\u00edticos da oliveira e o seu potencial no controlo da antracnose, causada pelo fungo <em>Colletotrichum acutatum<\/em><br>10h05 &#8211; Utiliza\u00e7\u00e3o de compostos org\u00e2nicos no controlo biol\u00f3gico de <em>Sclerotium rolfsii<\/em> e <em>Rhizoctonia solani<\/em> em est\u00e9via (Stevia rebaudiana Bertoni)<br><br>10h15-10h40 &#8211; Discuss\u00e3o\/Mesa redonda<\/td><\/tr><tr><td class=\"has-text-align-center\" data-align=\"center\">10h40<\/td><td>Caf\u00e9<\/td><\/tr><tr><td class=\"has-text-align-center\" data-align=\"center\"><\/td><td><strong><strong>SESS\u00c3O<\/strong> 4<br><\/strong><br><strong>11h10-11h50 Oradora convidada: Doutora Cristina Azevedo<\/strong> &#8211; \u201cRumo a novas solu\u00e7\u00f5es de base biol\u00f3gica para controlar doen\u00e7as de plantas\u201d<br><br><strong>Comunica\u00e7\u00f5es orais:<\/strong><br>11h55 &#8211; <em>Forficula auricularia L.<\/em> (Dermaptera: Forficulidae) como potencial predador da mosca-da-azeitona<br>12h05 &#8211; Resposta olfativa de <em>Philaenus spumarius<\/em> a oliveiras submetidas a diferentes bioestimulantes \u00e0 base de algas<br>12h15 &#8211; Tratamento hidrot\u00e9rmico em ovos de<em> Drosophila suzukii<\/em> Matsumura (Diptera:Drosopilidae)<br>12h25 &#8211; Contributos do Mestrado de Agricultura Biol\u00f3gica da ESAC para a Prote\u00e7\u00e3o das Plantas<br><br>12h35\u201313h00 &#8211; Discuss\u00e3o\/Mesa redonda<\/td><\/tr><tr><td class=\"has-text-align-center\" data-align=\"center\">13h00<\/td><td><strong>Sess\u00e3o de Encerramento<\/strong><\/td><\/tr><tr><td class=\"has-text-align-center\" data-align=\"center\">13h15<\/td><td><strong><strong>Almo\u00e7o<\/strong><\/strong><\/td><\/tr><\/tbody><\/table><\/figure>\n\n\n\n<p><\/p>\n\n\n\n<p><\/p>\n","protected":false},"excerpt":{"rendered":"<p>Tema do Encontro:\u00a0\u201cContributo da Prote\u00e7\u00e3o Integrada para os ODS\u201d Com trabalhos nas seguintes \u00c1reas Tem\u00e1ticas:<\/p>\n","protected":false},"author":1,"featured_media":0,"parent":91,"menu_order":1,"comment_status":"closed","ping_status":"closed","template":"","meta":{"footnotes":""},"class_list":["post-93","page","type-page","status-publish","hentry"],"_links":{"self":[{"href":"https:\/\/12enpi.ipportalegre.pt\/index.php?rest_route=\/wp\/v2\/pages\/93","targetHints":{"allow":["GET"]}}],"collection":[{"href":"https:\/\/12enpi.ipportalegre.pt\/index.php?rest_route=\/wp\/v2\/pages"}],"about":[{"href":"https:\/\/12enpi.ipportalegre.pt\/index.php?rest_route=\/wp\/v2\/types\/page"}],"author":[{"embeddable":true,"href":"https:\/\/12enpi.ipportalegre.pt\/index.php?rest_route=\/wp\/v2\/users\/1"}],"replies":[{"embeddable":true,"href":"https:\/\/12enpi.ipportalegre.pt\/index.php?rest_route=%2Fwp%2Fv2%2Fcomments&post=93"}],"version-history":[{"count":52,"href":"https:\/\/12enpi.ipportalegre.pt\/index.php?rest_route=\/wp\/v2\/pages\/93\/revisions"}],"predecessor-version":[{"id":777,"href":"https:\/\/12enpi.ipportalegre.pt\/index.php?rest_route=\/wp\/v2\/pages\/93\/revisions\/777"}],"up":[{"embeddable":true,"href":"https:\/\/12enpi.ipportalegre.pt\/index.php?rest_route=\/wp\/v2\/pages\/91"}],"wp:attachment":[{"href":"https:\/\/12enpi.ipportalegre.pt\/index.php?rest_route=%2Fwp%2Fv2%2Fmedia&parent=93"}],"curies":[{"name":"wp","href":"https:\/\/api.w.org\/{rel}","templated":true}]}}