{"id":95,"date":"2019-09-23T11:46:46","date_gmt":"2019-09-23T11:46:46","guid":{"rendered":"http:\/\/12enpi.ipportalegre.pt\/?page_id=95"},"modified":"2023-10-11T15:20:26","modified_gmt":"2023-10-11T15:20:26","slug":"keynote-speakers","status":"publish","type":"page","link":"https:\/\/12enpi.ipportalegre.pt\/?page_id=95","title":{"rendered":"Keynote Speakers"},"content":{"rendered":"\n<div style=\"height:30px\" aria-hidden=\"true\" class=\"wp-block-spacer\"><\/div>\n\n\n\n<p>Est\u00e3o confirmados os seguintes oradores convidados<\/p>\n\n\n\n<p class=\"has-medium-font-size\"><strong>Dia 30 de Outubro 2023<\/strong><\/p>\n\n\n\n<p><strong>10h30<\/strong>&nbsp;\u2013&nbsp;<strong>Sess\u00e3o 1:&nbsp;Proteger as culturas no contexto das altera\u00e7\u00f5es clim\u00e1ticas e da globaliza\u00e7\u00e3o<\/strong><\/p>\n\n\n\n<div style=\"height:20px\" aria-hidden=\"true\" class=\"wp-block-spacer\"><\/div>\n\n\n\n<div class=\"wp-block-media-text has-media-on-the-right is-stacked-on-mobile is-vertically-aligned-top\" style=\"grid-template-columns:auto 25%\"><div class=\"wp-block-media-text__content\">\n<p>T\u00edtulo da comunica\u00e7\u00e3o:&nbsp;<strong>\u201cContributos dos projetos Cuarentagri, e FruitFlyManage na promo\u00e7\u00e3o de uma agricultura sustent\u00e1vel nos A\u00e7ores\u201d<\/strong><\/p>\n\n\n\n<p><strong>Professor Doutor David Jo\u00e3o Horta Lopes<\/strong><\/p>\n\n\n\n<p>Professor Associado em Fitotecnia na Faculdade de Ci\u00eancias Agr\u00e1rias e do Ambiente da Universidade dos A\u00e7ores, Mestre em Prote\u00e7\u00e3o Integrada, Doutor em Ci\u00eancias Agr\u00e1rias, especialidade em protec\u00e7\u00e3o das culturas, coordenador de v\u00e1rios projectos internacionais no \u00e2mbito do INTERREG II_B e da iniciativa MAC como por exemplo o INTERFRUTA, BIOMUSA, CABMEDMAC, CUARENTAGRI, PERVEMCA2 e tamb\u00e9m alguns nacionais, coordenador de v\u00e1rios grupos de trabalho, autor de in\u00fameros artigos cient\u00edficos e livros t\u00e9cnicos e orientador de v\u00e1rias teses de doutoramento e mestrado.<\/p>\n<\/div><figure class=\"wp-block-media-text__media\"><img loading=\"lazy\" decoding=\"async\" width=\"591\" height=\"780\" src=\"https:\/\/12enpi.ipportalegre.pt\/wp-content\/uploads\/2023\/09\/prof_david_foto1.jpg\" alt=\"\" class=\"wp-image-708 size-full\" srcset=\"https:\/\/12enpi.ipportalegre.pt\/wp-content\/uploads\/2023\/09\/prof_david_foto1.jpg 591w, https:\/\/12enpi.ipportalegre.pt\/wp-content\/uploads\/2023\/09\/prof_david_foto1-227x300.jpg 227w\" sizes=\"auto, (max-width: 591px) 100vw, 591px\" \/><\/figure><\/div>\n\n\n\n<div style=\"height:50px\" aria-hidden=\"true\" class=\"wp-block-spacer\"><\/div>\n\n\n\n<p><strong>14h30 \u2013<\/strong>&nbsp;<strong>Sess\u00e3o 2:&nbsp;Recuperar os conceitos \u201cEstimativa do risco\u201d e \u201cTomada de decis\u00e3o\u201d no contexto dos problemas emergentes<\/strong><\/p>\n\n\n\n<div style=\"height:20px\" aria-hidden=\"true\" class=\"wp-block-spacer\"><\/div>\n\n\n\n<div class=\"wp-block-media-text has-media-on-the-right is-stacked-on-mobile is-vertically-aligned-top\" style=\"grid-template-columns:auto 25%\"><div class=\"wp-block-media-text__content\">\n<p>T\u00edtulo da comunica\u00e7\u00e3o:&nbsp;<strong>\u201cO tempo em prote\u00e7\u00e3o de plantas\u201d<\/strong><\/p>\n\n\n\n<p><strong>Professor Doutor Ant\u00f3nio Mexia<\/strong><\/p>\n\n\n\n<p>Professor Doutor Ant\u00f3nio Mexia, Professor Catedr\u00e1tico no&nbsp;Instituto Superior de Agronomia, respons\u00e1vel pelo ensino e investiga\u00e7\u00e3o na \u00e1rea da Prote\u00e7\u00e3o integrada das culturas agr\u00edcolas.&nbsp;Desenvolveu trabalho em culturas hort\u00edcolas de estufa, vinha, pomares de pomoideas, prunoideas e citrinos, olival, cereais e em produtos agr\u00edcolas secos armazenados, quer em t\u00e9cnicas de estimativa dos riscos, em c\u00e1lculo de preju\u00edzos, e meios de luta qu\u00edmicos, biot\u00e9cnicos e biol\u00f3gicos. Foi diretor da Esta\u00e7\u00e3o Agron\u00f3mica Nacional do INIAV de 2000 a 2007 e diretor do Centro de Estudos da Fitossanidade do Armazenamento do IICT.<\/p>\n<\/div><figure class=\"wp-block-media-text__media\"><img loading=\"lazy\" decoding=\"async\" width=\"479\" height=\"453\" src=\"https:\/\/12enpi.ipportalegre.pt\/wp-content\/uploads\/2023\/10\/prof_mexia.jpg\" alt=\"\" class=\"wp-image-729 size-full\" srcset=\"https:\/\/12enpi.ipportalegre.pt\/wp-content\/uploads\/2023\/10\/prof_mexia.jpg 479w, https:\/\/12enpi.ipportalegre.pt\/wp-content\/uploads\/2023\/10\/prof_mexia-300x284.jpg 300w\" sizes=\"auto, (max-width: 479px) 100vw, 479px\" \/><\/figure><\/div>\n\n\n\n<div style=\"height:50px\" aria-hidden=\"true\" class=\"wp-block-spacer\"><\/div>\n\n\n\n<p class=\"has-medium-font-size\"><strong>Dia 31 de Outubro 2023<\/strong><strong><\/strong><\/p>\n\n\n\n<p><strong>09h00 \u2013<\/strong>&nbsp;<strong>Sess\u00e3o 3:&nbsp;Mecanismos de defesa das plantas<\/strong><\/p>\n\n\n\n<div style=\"height:20px\" aria-hidden=\"true\" class=\"wp-block-spacer\"><\/div>\n\n\n\n<div class=\"wp-block-media-text has-media-on-the-right is-stacked-on-mobile is-vertically-aligned-top\" style=\"grid-template-columns:auto 25%\"><div class=\"wp-block-media-text__content\">\n<p>T\u00edtulo da comunica\u00e7\u00e3o: \u201c<strong>Desafios clim\u00e1ticos e plantas \u2013 \u00e0 procura de estrat\u00e9gias de toler\u00e2ncia<\/strong>\u201c<\/p>\n\n\n\n<p><strong>Professora Doutora Fernanda Fidalgo<\/strong><\/p>\n\n\n\n<p>Fernanda Fidalgo, doutorada em Biologia pela Universidade do Porto, \u00e9 Professora&nbsp;Associada com Agrega\u00e7\u00e3o no Departamento de Biologia da Faculdade de Ci\u00eancias da mesma Universidade (FCUP) e investigadora no GreenUPorto. Coordena o&nbsp;<em>Plant Stress lab<\/em>, um laborat\u00f3rio l\u00edder na \u00e1rea da Fisiologia do Stress em Plantas na FCUP\/GreenUPorto.<\/p>\n\n\n\n<p>O foco principal da sua investiga\u00e7\u00e3o \u00e9 o estudo das respostas fisiol\u00f3gicas e bioqu\u00edmicas das plantas a&nbsp;diferentes stresses abi\u00f3ticos, especialmente num contexto de altera\u00e7\u00f5es clim\u00e1ticas, crise ambiental e produtividade agr\u00edcola, com destaque no estudo do sistema de defesa antioxidante. Tem tamb\u00e9m explorado ferramentas inovadoras e ecologicamente relevantes de mitiga\u00e7\u00e3o do stress e\/ou para melhorar a toler\u00e2ncia das plantas. Fernanda Fidalgo tem coordenado\/participado em v\u00e1rios projetos nacionais e internacionais, e supervisionado v\u00e1rios estudantes de doutoramento e mestrado. \u00c9 autora\/coautora de cap\u00edtulos de livros e numerosos artigos cient\u00edficos em revistas de alto impacto, nas \u00e1reas das Ci\u00eancias das Plantas e Ci\u00eancias Ambientais. Tem avaliado candidaturas a bolsas de mestrado e p\u00f3s-doutoramento e contratos de investiga\u00e7\u00e3o, e \u00e9 revisora em revistas cient\u00edficas internacionais na sua \u00e1rea de especializa\u00e7\u00e3o.<\/p>\n<\/div><figure class=\"wp-block-media-text__media\"><img loading=\"lazy\" decoding=\"async\" width=\"768\" height=\"919\" src=\"https:\/\/12enpi.ipportalegre.pt\/wp-content\/uploads\/2023\/10\/F_Fidalgo.jpg\" alt=\"\" class=\"wp-image-725 size-full\" srcset=\"https:\/\/12enpi.ipportalegre.pt\/wp-content\/uploads\/2023\/10\/F_Fidalgo.jpg 768w, https:\/\/12enpi.ipportalegre.pt\/wp-content\/uploads\/2023\/10\/F_Fidalgo-251x300.jpg 251w\" sizes=\"auto, (max-width: 768px) 100vw, 768px\" \/><\/figure><\/div>\n\n\n\n<div style=\"height:50px\" aria-hidden=\"true\" class=\"wp-block-spacer\"><\/div>\n\n\n\n<p><strong>11h15 \u2013<\/strong>&nbsp;<strong>Sess\u00e3o 4:&nbsp;Meios alternativos de prote\u00e7\u00e3o<\/strong><\/p>\n\n\n\n<div style=\"height:20px\" aria-hidden=\"true\" class=\"wp-block-spacer\"><\/div>\n\n\n\n<div class=\"wp-block-media-text has-media-on-the-right is-stacked-on-mobile is-vertically-aligned-top\" style=\"grid-template-columns:auto 25%\"><div class=\"wp-block-media-text__content\">\n<p>T\u00edtulo da comunica\u00e7\u00e3o:&nbsp;<strong>\u201cRumo a novas solu\u00e7\u00f5es de base biol\u00f3gica para controlar doen\u00e7as de plantas\u201d<\/strong><\/p>\n\n\n\n<p><strong>Doutora Cristina Azevedo<\/strong><\/p>\n\n\n\n<p>Diretora do Departamento de Novos Biopesticidas da InnovPlantProtect em Elvas, Portugal, onde dirige uma equipa de investigadores que trabalham no desenvolvimento de novas alternativas aos pesticidas de s\u00edntese qu\u00edmica, para o controlo de diversas doen\u00e7as que afetam as culturas mediterr\u00e2nicas. Fez o doutoramento no Sainsbury Laboratory no John Ines Centre, UK onde estudou intera\u00e7\u00f5es entre plantas e agentes patog\u00e9nicos.<\/p>\n<\/div><figure class=\"wp-block-media-text__media\"><img loading=\"lazy\" decoding=\"async\" width=\"768\" height=\"1024\" src=\"https:\/\/12enpi.ipportalegre.pt\/wp-content\/uploads\/2023\/09\/CAzevedo_foto.jpeg\" alt=\"\" class=\"wp-image-720 size-full\" srcset=\"https:\/\/12enpi.ipportalegre.pt\/wp-content\/uploads\/2023\/09\/CAzevedo_foto.jpeg 768w, https:\/\/12enpi.ipportalegre.pt\/wp-content\/uploads\/2023\/09\/CAzevedo_foto-225x300.jpeg 225w\" sizes=\"auto, (max-width: 768px) 100vw, 768px\" \/><\/figure><\/div>\n\n\n\n<div style=\"height:50px\" aria-hidden=\"true\" class=\"wp-block-spacer\"><\/div>\n","protected":false},"excerpt":{"rendered":"<p>Est\u00e3o confirmados os seguintes oradores convidados Dia 30 de Outubro 2023 10h30&nbsp;\u2013&nbsp;Sess\u00e3o 1:&nbsp;Proteger as culturas<\/p>\n","protected":false},"author":1,"featured_media":0,"parent":91,"menu_order":2,"comment_status":"closed","ping_status":"closed","template":"","meta":{"footnotes":""},"class_list":["post-95","page","type-page","status-publish","hentry"],"_links":{"self":[{"href":"https:\/\/12enpi.ipportalegre.pt\/index.php?rest_route=\/wp\/v2\/pages\/95","targetHints":{"allow":["GET"]}}],"collection":[{"href":"https:\/\/12enpi.ipportalegre.pt\/index.php?rest_route=\/wp\/v2\/pages"}],"about":[{"href":"https:\/\/12enpi.ipportalegre.pt\/index.php?rest_route=\/wp\/v2\/types\/page"}],"author":[{"embeddable":true,"href":"https:\/\/12enpi.ipportalegre.pt\/index.php?rest_route=\/wp\/v2\/users\/1"}],"replies":[{"embeddable":true,"href":"https:\/\/12enpi.ipportalegre.pt\/index.php?rest_route=%2Fwp%2Fv2%2Fcomments&post=95"}],"version-history":[{"count":31,"href":"https:\/\/12enpi.ipportalegre.pt\/index.php?rest_route=\/wp\/v2\/pages\/95\/revisions"}],"predecessor-version":[{"id":768,"href":"https:\/\/12enpi.ipportalegre.pt\/index.php?rest_route=\/wp\/v2\/pages\/95\/revisions\/768"}],"up":[{"embeddable":true,"href":"https:\/\/12enpi.ipportalegre.pt\/index.php?rest_route=\/wp\/v2\/pages\/91"}],"wp:attachment":[{"href":"https:\/\/12enpi.ipportalegre.pt\/index.php?rest_route=%2Fwp%2Fv2%2Fmedia&parent=95"}],"curies":[{"name":"wp","href":"https:\/\/api.w.org\/{rel}","templated":true}]}}