{"id":99,"date":"2019-09-23T11:47:33","date_gmt":"2019-09-23T11:47:33","guid":{"rendered":"http:\/\/12enpi.ipportalegre.pt\/?page_id=99"},"modified":"2023-07-11T14:38:39","modified_gmt":"2023-07-11T14:38:39","slug":"registration","status":"publish","type":"page","link":"https:\/\/12enpi.ipportalegre.pt\/?page_id=99","title":{"rendered":"Inscri\u00e7\u00e3o | Pagamento"},"content":{"rendered":"\n<div style=\"height:30px\" aria-hidden=\"true\" class=\"wp-block-spacer\"><\/div>\n\n\n\n<p><strong>Inscri\u00e7\u00e3o normal at\u00e9 15 de agosto 2023:<\/strong><\/p>\n\n\n\n<ul class=\"wp-block-list\">\n<li>Estudantes 15,00 \u20ac<br>&#8211; inclui Certificado,<em> coffee breaks e atas digitais<\/em><\/li>\n\n\n\n<li>N\u00e3o estudantes 100,00 \u20ac<br>&#8211; inclui Certificado, <em>coffee breaks, almo\u00e7os e atas digitais; Jantar do dia 30 n\u00e3o inclu\u00eddo (valor a definir)<\/em><\/li>\n<\/ul>\n\n\n\n<p><strong>Inscri\u00e7\u00e3o agravada ap\u00f3s 15 de agosto at\u00e9 29 de outubro de 2023 (condicionada pelas vagas):<\/strong><\/p>\n\n\n\n<ul class=\"wp-block-list\">\n<li>Estudantes 25,00 \u20ac<br>&#8211; inclui Certificado,<em> coffee breaks e atas digitais<\/em><\/li>\n\n\n\n<li>N\u00e3o estudantes 130,00 \u20ac<br>&#8211; inclui Certificado,<em> coffee breaks, almo\u00e7os e atas digitais; Jantar do dia 30 n\u00e3o inclu\u00eddo (valor a definir)<\/em><\/li>\n<\/ul>\n\n\n\n<p>Os estudantes dever\u00e3o apresentar comprovativo da sua condi\u00e7\u00e3o.<\/p>\n\n\n\n<p class=\"has-medium-font-size\"><strong>Se pretende formalizar a inscri\u00e7\u00e3o clique&nbsp;<a href=\"https:\/\/12enpi.ipportalegre.pt\/?page_id=584\">aqui<\/a>.<\/strong><\/p>\n\n\n\n<p>Dados para pagamento das inscri\u00e7\u00f5es:<\/p>\n\n\n\n<p><em>Instituto Polit\u00e9cnico de Portalegre<br> IBAN: PT 50 0781 0112 0000 0004 4045 1<br> BIC (SWIFT): IGCPPTPL<\/em><\/p>\n\n\n\n<p class=\"has-small-font-size\">Indicar na ordem de pagamento o nome da pessoa + 12 enpi e enviar o comprovativo do pagamento para <a href=\"mailto:12enpi@ipportalegre.pt\"><strong>12enpi@ipportalegre.pt<\/strong><\/a> <\/p>\n","protected":false},"excerpt":{"rendered":"<p>Inscri\u00e7\u00e3o normal at\u00e9 15 de agosto 2023: Inscri\u00e7\u00e3o agravada ap\u00f3s 15 de agosto at\u00e9 29<\/p>\n","protected":false},"author":1,"featured_media":0,"parent":97,"menu_order":1,"comment_status":"closed","ping_status":"closed","template":"","meta":{"footnotes":""},"class_list":["post-99","page","type-page","status-publish","hentry"],"_links":{"self":[{"href":"https:\/\/12enpi.ipportalegre.pt\/index.php?rest_route=\/wp\/v2\/pages\/99","targetHints":{"allow":["GET"]}}],"collection":[{"href":"https:\/\/12enpi.ipportalegre.pt\/index.php?rest_route=\/wp\/v2\/pages"}],"about":[{"href":"https:\/\/12enpi.ipportalegre.pt\/index.php?rest_route=\/wp\/v2\/types\/page"}],"author":[{"embeddable":true,"href":"https:\/\/12enpi.ipportalegre.pt\/index.php?rest_route=\/wp\/v2\/users\/1"}],"replies":[{"embeddable":true,"href":"https:\/\/12enpi.ipportalegre.pt\/index.php?rest_route=%2Fwp%2Fv2%2Fcomments&post=99"}],"version-history":[{"count":26,"href":"https:\/\/12enpi.ipportalegre.pt\/index.php?rest_route=\/wp\/v2\/pages\/99\/revisions"}],"predecessor-version":[{"id":698,"href":"https:\/\/12enpi.ipportalegre.pt\/index.php?rest_route=\/wp\/v2\/pages\/99\/revisions\/698"}],"up":[{"embeddable":true,"href":"https:\/\/12enpi.ipportalegre.pt\/index.php?rest_route=\/wp\/v2\/pages\/97"}],"wp:attachment":[{"href":"https:\/\/12enpi.ipportalegre.pt\/index.php?rest_route=%2Fwp%2Fv2%2Fmedia&parent=99"}],"curies":[{"name":"wp","href":"https:\/\/api.w.org\/{rel}","templated":true}]}}